{"id":21,"date":"2020-07-20T15:40:00","date_gmt":"2020-07-20T15:40:00","guid":{"rendered":"http:\/\/aziendaagricolaarianna.it\/?page_id=21"},"modified":"2023-02-05T16:20:22","modified_gmt":"2023-02-05T16:20:22","slug":"chi-siamo","status":"publish","type":"page","link":"https:\/\/www.aziendaagricolaarianna.it\/index.php\/chi-siamo\/","title":{"rendered":"Chi siamo"},"content":{"rendered":"<div class=\"flex_column av_one_full  flex_column_div av-zero-column-padding first  avia-builder-el-0  avia-builder-el-no-sibling  \" style='border-radius:0px; '><section class=\"av_textblock_section \"  itemscope=\"itemscope\" itemtype=\"https:\/\/schema.org\/CreativeWork\" ><div class='avia_textblock  '   itemprop=\"text\" ><p><img loading=\"lazy\" decoding=\"async\" class=\"alignleft wp-image-362\" src=\"https:\/\/www.aziendaagricolaarianna.it\/wp-content\/uploads\/2023\/02\/chi-siamo-zafferano-180x180.jpg\" alt=\"\" width=\"250\" height=\"237\" \/>Mi chiamo Daniele, e l&#8217;azienda agricola Arianna l&#8217;ho fatta nascere nel 2013, quasi in concomitanza con la mia prima figlia (Arianna per l&#8217;appunto) a Darfo Boario Terme in Valle Camonica (Brescia) come un esperimento; infatti \u00e8 proprio grazie alla &#8220;prova di coltivazione&#8221; dello zafferano che inizia questa avventura.<\/p>\n<p>Dopo essermi informato a lungo (da coltivatori e produttori) sulle caratteristiche, peculiarit\u00e0, e possibilit\u00e0 di coltivazione di questa pregiata spezia, ho deciso di intraprendere questa strada, <img loading=\"lazy\" decoding=\"async\" class=\"alignright wp-image-537\" src=\"https:\/\/www.aziendaagricolaarianna.it\/wp-content\/uploads\/2023\/02\/fiore-zafferano.jpg\" alt=\"\" width=\"250\" height=\"261\" srcset=\"https:\/\/www.aziendaagricolaarianna.it\/wp-content\/uploads\/2023\/02\/fiore-zafferano.jpg 350w, https:\/\/www.aziendaagricolaarianna.it\/wp-content\/uploads\/2023\/02\/fiore-zafferano-288x300.jpg 288w\" sizes=\"auto, (max-width: 250px) 100vw, 250px\" \/>sperimentando la coltivazione su una superficie di 1000 mq. circa.<\/p>\n<p>Il raccolto \u00e8 stato subito un successo, soprattutto grazie alle analisi della qualit\u00e0 dello zafferano stesso effettuate tramite l&#8217;universit\u00e0, confermato di Prima qualit\u00e0 con caratteristiche organolettiche ben superiori alle necessarie per essere considerato di prima scelta, quindi con nulla di cui invidiare a quello prodotto nelle regioni &#8220;patria&#8221; dell&#8217;oro rosso.<\/p>\n<p>La coltivazione negli anni a seguire \u00e8 cresciuta, occupando ora una superficie di circa 3000 mq.<\/p>\n<p><img loading=\"lazy\" decoding=\"async\" class=\"size-full wp-image-538 alignleft\" src=\"https:\/\/www.aziendaagricolaarianna.it\/wp-content\/uploads\/2023\/02\/mirtilli.jpg\" alt=\"\" width=\"250\" height=\"247\" srcset=\"https:\/\/www.aziendaagricolaarianna.it\/wp-content\/uploads\/2023\/02\/mirtilli.jpg 250w, https:\/\/www.aziendaagricolaarianna.it\/wp-content\/uploads\/2023\/02\/mirtilli-80x80.jpg 80w, https:\/\/www.aziendaagricolaarianna.it\/wp-content\/uploads\/2023\/02\/mirtilli-36x36.jpg 36w\" sizes=\"auto, (max-width: 250px) 100vw, 250px\" \/>Nel frattempo, sono state implementate in azienda altri tipi di coltivazioni. In primis quella dei mirtilli (che ad oggi conta ben 550 piante tra precoci e tardivi, delle quali quasi un centinaio sono dell&#8217;ancora raro se non quasi sconosciuto mirtillo rosa); coltiviamo inoltre lamponi, more, ribes.<\/p>\n<p>Come aiuto alla coltivazione di queste specialit\u00e0, sono state introdotte alcune arnie di api (ormai hanno raggiunto numero complessivo di 70) che grazie al loro contributo soprattutto a livello di impollinazione, garantiscono un&#8217;ottima fioritura, ma soprattutto un abbondante raccolto e di notevole pezzatura.<\/p>\n<p>Nate come impollinatrici per le nostre coltivazioni, ora le api sono parte notevole ed integrante dell&#8217;azienda per la produzione di miele di acacia, millefiori e castagno principalmente, ma anche per un ottimo polline multi-flora ed il preziosissimo propoli.<\/p>\n<p>Dalla primavera 2022, \u00e8 iniziata una collaborazione con il Birrificio artigianale <a href=\"https:\/\/www.birrificio25zero30.com\/\" target=\"_blank\" rel=\"noopener\" class=\"broken_link\">25Zero30<\/a> di Capriolo, che col nostro miele di millefiori e castagno, produce per noi dell&#8217;ottima birra al miele, e soprattutto l&#8217;esclusiva birra allo Zafferano!!<\/p>\n<\/div><\/section><\/div>\n","protected":false},"excerpt":{"rendered":"","protected":false},"author":1,"featured_media":0,"parent":0,"menu_order":0,"comment_status":"closed","ping_status":"closed","template":"","meta":{"footnotes":""},"class_list":["post-21","page","type-page","status-publish","hentry"],"yoast_head":"<!-- This site is optimized with the Yoast SEO plugin v19.13 - https:\/\/yoast.com\/wordpress\/plugins\/seo\/ -->\n<title>Chi siamo - Azienda Agricola Arianna<\/title>\n<meta name=\"robots\" content=\"index, follow, max-snippet:-1, max-image-preview:large, max-video-preview:-1\" \/>\n<link rel=\"canonical\" href=\"https:\/\/www.aziendaagricolaarianna.it\/index.php\/chi-siamo\/\" \/>\n<meta property=\"og:locale\" content=\"it_IT\" \/>\n<meta property=\"og:type\" content=\"article\" \/>\n<meta property=\"og:title\" content=\"Chi siamo - Azienda Agricola Arianna\" \/>\n<meta property=\"og:url\" content=\"https:\/\/www.aziendaagricolaarianna.it\/index.php\/chi-siamo\/\" \/>\n<meta property=\"og:site_name\" content=\"Azienda Agricola Arianna\" \/>\n<meta property=\"article:publisher\" content=\"https:\/\/www.facebook.com\/aziendaagricolaarianna\" \/>\n<meta property=\"article:modified_time\" content=\"2023-02-05T16:20:22+00:00\" \/>\n<meta property=\"og:image\" content=\"https:\/\/www.aziendaagricolaarianna.it\/wp-content\/uploads\/2023\/02\/chi-siamo-zafferano-180x180.jpg\" \/>\n<meta name=\"twitter:card\" content=\"summary_large_image\" \/>\n<meta name=\"twitter:label1\" content=\"Tempo di lettura stimato\" \/>\n\t<meta name=\"twitter:data1\" content=\"3 minuti\" \/>\n<script type=\"application\/ld+json\" class=\"yoast-schema-graph\">{\"@context\":\"https:\/\/schema.org\",\"@graph\":[{\"@type\":\"WebPage\",\"@id\":\"https:\/\/www.aziendaagricolaarianna.it\/index.php\/chi-siamo\/\",\"url\":\"https:\/\/www.aziendaagricolaarianna.it\/index.php\/chi-siamo\/\",\"name\":\"Chi siamo - Azienda Agricola Arianna\",\"isPartOf\":{\"@id\":\"https:\/\/www.aziendaagricolaarianna.it\/#website\"},\"datePublished\":\"2020-07-20T15:40:00+00:00\",\"dateModified\":\"2023-02-05T16:20:22+00:00\",\"breadcrumb\":{\"@id\":\"https:\/\/www.aziendaagricolaarianna.it\/index.php\/chi-siamo\/#breadcrumb\"},\"inLanguage\":\"it-IT\",\"potentialAction\":[{\"@type\":\"ReadAction\",\"target\":[\"https:\/\/www.aziendaagricolaarianna.it\/index.php\/chi-siamo\/\"]}]},{\"@type\":\"BreadcrumbList\",\"@id\":\"https:\/\/www.aziendaagricolaarianna.it\/index.php\/chi-siamo\/#breadcrumb\",\"itemListElement\":[{\"@type\":\"ListItem\",\"position\":1,\"name\":\"Home\",\"item\":\"https:\/\/www.aziendaagricolaarianna.it\/\"},{\"@type\":\"ListItem\",\"position\":2,\"name\":\"Chi siamo\"}]},{\"@type\":\"WebSite\",\"@id\":\"https:\/\/www.aziendaagricolaarianna.it\/#website\",\"url\":\"https:\/\/www.aziendaagricolaarianna.it\/\",\"name\":\"Azienda Agricola Arianna\",\"description\":\"Zafferano di prima qualit\u00e0, piccoli frutti, miele e prodotti dell&#039;apicoltura\",\"publisher\":{\"@id\":\"https:\/\/www.aziendaagricolaarianna.it\/#organization\"},\"potentialAction\":[{\"@type\":\"SearchAction\",\"target\":{\"@type\":\"EntryPoint\",\"urlTemplate\":\"https:\/\/www.aziendaagricolaarianna.it\/?s={search_term_string}\"},\"query-input\":\"required name=search_term_string\"}],\"inLanguage\":\"it-IT\"},{\"@type\":\"Organization\",\"@id\":\"https:\/\/www.aziendaagricolaarianna.it\/#organization\",\"name\":\"Azienda Agricola Arianna\",\"url\":\"https:\/\/www.aziendaagricolaarianna.it\/\",\"logo\":{\"@type\":\"ImageObject\",\"inLanguage\":\"it-IT\",\"@id\":\"https:\/\/www.aziendaagricolaarianna.it\/#\/schema\/logo\/image\/\",\"url\":\"http:\/\/aziendaagricolaarianna.it\/wp-content\/uploads\/2022\/12\/biglietto-visita-azienda-agricola-arianna.jpg\",\"contentUrl\":\"http:\/\/aziendaagricolaarianna.it\/wp-content\/uploads\/2022\/12\/biglietto-visita-azienda-agricola-arianna.jpg\",\"width\":600,\"height\":650,\"caption\":\"Azienda Agricola Arianna\"},\"image\":{\"@id\":\"https:\/\/www.aziendaagricolaarianna.it\/#\/schema\/logo\/image\/\"},\"sameAs\":[\"https:\/\/www.instagram.com\/aziendaagricolaarianna\/\",\"https:\/\/www.facebook.com\/aziendaagricolaarianna\"]}]}<\/script>\n<!-- \/ Yoast SEO plugin. -->","yoast_head_json":{"title":"Chi siamo - Azienda Agricola Arianna","robots":{"index":"index","follow":"follow","max-snippet":"max-snippet:-1","max-image-preview":"max-image-preview:large","max-video-preview":"max-video-preview:-1"},"canonical":"https:\/\/www.aziendaagricolaarianna.it\/index.php\/chi-siamo\/","og_locale":"it_IT","og_type":"article","og_title":"Chi siamo - Azienda Agricola Arianna","og_url":"https:\/\/www.aziendaagricolaarianna.it\/index.php\/chi-siamo\/","og_site_name":"Azienda Agricola Arianna","article_publisher":"https:\/\/www.facebook.com\/aziendaagricolaarianna","article_modified_time":"2023-02-05T16:20:22+00:00","og_image":[{"url":"https:\/\/www.aziendaagricolaarianna.it\/wp-content\/uploads\/2023\/02\/chi-siamo-zafferano-180x180.jpg"}],"twitter_card":"summary_large_image","twitter_misc":{"Tempo di lettura stimato":"3 minuti"},"schema":{"@context":"https:\/\/schema.org","@graph":[{"@type":"WebPage","@id":"https:\/\/www.aziendaagricolaarianna.it\/index.php\/chi-siamo\/","url":"https:\/\/www.aziendaagricolaarianna.it\/index.php\/chi-siamo\/","name":"Chi siamo - Azienda Agricola Arianna","isPartOf":{"@id":"https:\/\/www.aziendaagricolaarianna.it\/#website"},"datePublished":"2020-07-20T15:40:00+00:00","dateModified":"2023-02-05T16:20:22+00:00","breadcrumb":{"@id":"https:\/\/www.aziendaagricolaarianna.it\/index.php\/chi-siamo\/#breadcrumb"},"inLanguage":"it-IT","potentialAction":[{"@type":"ReadAction","target":["https:\/\/www.aziendaagricolaarianna.it\/index.php\/chi-siamo\/"]}]},{"@type":"BreadcrumbList","@id":"https:\/\/www.aziendaagricolaarianna.it\/index.php\/chi-siamo\/#breadcrumb","itemListElement":[{"@type":"ListItem","position":1,"name":"Home","item":"https:\/\/www.aziendaagricolaarianna.it\/"},{"@type":"ListItem","position":2,"name":"Chi siamo"}]},{"@type":"WebSite","@id":"https:\/\/www.aziendaagricolaarianna.it\/#website","url":"https:\/\/www.aziendaagricolaarianna.it\/","name":"Azienda Agricola Arianna","description":"Zafferano di prima qualit\u00e0, piccoli frutti, miele e prodotti dell&#039;apicoltura","publisher":{"@id":"https:\/\/www.aziendaagricolaarianna.it\/#organization"},"potentialAction":[{"@type":"SearchAction","target":{"@type":"EntryPoint","urlTemplate":"https:\/\/www.aziendaagricolaarianna.it\/?s={search_term_string}"},"query-input":"required name=search_term_string"}],"inLanguage":"it-IT"},{"@type":"Organization","@id":"https:\/\/www.aziendaagricolaarianna.it\/#organization","name":"Azienda Agricola Arianna","url":"https:\/\/www.aziendaagricolaarianna.it\/","logo":{"@type":"ImageObject","inLanguage":"it-IT","@id":"https:\/\/www.aziendaagricolaarianna.it\/#\/schema\/logo\/image\/","url":"http:\/\/aziendaagricolaarianna.it\/wp-content\/uploads\/2022\/12\/biglietto-visita-azienda-agricola-arianna.jpg","contentUrl":"http:\/\/aziendaagricolaarianna.it\/wp-content\/uploads\/2022\/12\/biglietto-visita-azienda-agricola-arianna.jpg","width":600,"height":650,"caption":"Azienda Agricola Arianna"},"image":{"@id":"https:\/\/www.aziendaagricolaarianna.it\/#\/schema\/logo\/image\/"},"sameAs":["https:\/\/www.instagram.com\/aziendaagricolaarianna\/","https:\/\/www.facebook.com\/aziendaagricolaarianna"]}]}},"_links":{"self":[{"href":"https:\/\/www.aziendaagricolaarianna.it\/index.php\/wp-json\/wp\/v2\/pages\/21","targetHints":{"allow":["GET"]}}],"collection":[{"href":"https:\/\/www.aziendaagricolaarianna.it\/index.php\/wp-json\/wp\/v2\/pages"}],"about":[{"href":"https:\/\/www.aziendaagricolaarianna.it\/index.php\/wp-json\/wp\/v2\/types\/page"}],"author":[{"embeddable":true,"href":"https:\/\/www.aziendaagricolaarianna.it\/index.php\/wp-json\/wp\/v2\/users\/1"}],"replies":[{"embeddable":true,"href":"https:\/\/www.aziendaagricolaarianna.it\/index.php\/wp-json\/wp\/v2\/comments?post=21"}],"version-history":[{"count":17,"href":"https:\/\/www.aziendaagricolaarianna.it\/index.php\/wp-json\/wp\/v2\/pages\/21\/revisions"}],"predecessor-version":[{"id":539,"href":"https:\/\/www.aziendaagricolaarianna.it\/index.php\/wp-json\/wp\/v2\/pages\/21\/revisions\/539"}],"wp:attachment":[{"href":"https:\/\/www.aziendaagricolaarianna.it\/index.php\/wp-json\/wp\/v2\/media?parent=21"}],"curies":[{"name":"wp","href":"https:\/\/api.w.org\/{rel}","templated":true}]}}